{"id":736,"date":"2012-07-27T10:19:28","date_gmt":"2012-07-27T08:19:28","guid":{"rendered":"https:\/\/akim.sissaoui.com\/?page_id=736"},"modified":"2014-08-07T05:58:52","modified_gmt":"2014-08-07T03:58:52","slug":"qui-suis-je-2","status":"publish","type":"page","link":"https:\/\/akim.sissaoui.com\/en\/qui-suis-je-2\/","title":{"rendered":"Qui suis-je ?"},"content":{"rendered":"<div class=\"profile-header\">\n<div id=\"member-1\" class=\"locality\">\n<h1><span id=\"name\" class=\"n fn\"> <span class=\"full-name\"><span class=\"given-name\">Akim<\/span> <span class=\"family-name\">Sissaoui<\/span><\/span> <\/span><\/h1>\n<p class=\"headline-title title\" style=\"display: block; text-align: justify;\">Autodidacte, Manager et sp\u00e9cialiste de l&#8217;infrastructure des technologies de l&#8217;information<\/p>\n<p>Manager et architecte d&#8217;infrastructure autodidacte, j&#8217;ai fait mes preuves dans de nombreux postes.<\/p><\/div>\n<\/div>\n<div id=\"profile-summary\" class=\"section\" style=\"display: block;\">\n<div class=\"content\">\n<p class=\" description summary\" style=\"text-align: justify;\">\nAujourd&#8217;hui \u00e0 la recherche d&#8217;un nouveau d\u00e9fi, je souhaite participer activement au fonctionnement d&#8217;un d\u00e9partement technique en assurant la gestion d&#8217;une \u00e9quipe dans le but d&#8217;attendre efficacement les objectifs de la soci\u00e9t\u00e9 qui m&#8217;emploiera.<\/p>\n<p>Jusqu&#8217;ici, mes qualit\u00e9s m&#8217;ont permises par exemple:<\/p>\n<p>En tant que chef d&#8217;\u00e9quipe et manager, de:<\/p>\n<ul>\n<li style=\"text-align: justify;\">R\u00e9tablir un esprit d&#8217;\u00e9quipe au sein de la hotline dont j&#8217;ai eu la charge<\/li>\n<li style=\"text-align: justify;\">R\u00e9duire le nombre d&#8217;appels perdus de 20% \u00e0 moins de 5% de mani\u00e8re durable<\/li>\n<li style=\"text-align: justify;\">Diminuer le backlog d&#8217;escalations de 60 jours \u00e0 moins de 10 jours de mani\u00e8re durable<\/li>\n<li style=\"text-align: justify;\">G\u00e9rer la transition d&#8217;une hotline locale \u00e0 un support d\u00e9centralis\u00e9 \u00e0 l&#8217;\u00e9tranger tout en maintenant la satifaction client\u00e8le au niveau attendu par la direction<\/li>\n<\/ul>\n<p class=\" description summary\">\nEn tant que sp\u00e9cialiste de l&#8217;infrastructure, de:\n<\/p>\n<ul>\n<li style=\"text-align: justify;\">Participer \u00e0 l&#8217;architecture et au d\u00e9ploiement d&#8217;une solution compos\u00e9e de cinq clusters SAP HANA multinoeuds<\/li>\n<li style=\"text-align: justify;\">Remporter l&#8217;appel d&#8217;offre pour l&#8217;impl\u00e9mentation d&#8217;une nouvelle infrastructure pour une entreprise du transport public<\/li>\n<li style=\"text-align: justify;\">Simplifier la r\u00e9plication de 168 unit\u00e9s de stockage de 3TB chacune en d\u00e9veloppant un script bash et une documentation permettant aux op\u00e9rateurs d&#8217;en automatiser l&#8217;op\u00e9ration<\/li>\n<li style=\"text-align: justify;\">Participer avec succ\u00e8s au d\u00e9ploiement de nombreuses solutions de stockage et de virtualisation dans de nombreuses entreprises de toutes tailles, dans toute l&#8217;Europe, comme par exemple: Bank Piraeus \u00e0 Ath\u00e8nes, Le Canton de Neuch\u00e2tel, le Canton du Jura, La T\u00e9l\u00e9vision Suisse Romande, Novartis, La Police de Belfast en Irlande, et beaucoup d&#8217;autres.<\/li>\n<li style=\"text-align: justify;\">Fournir des prestations de formations sur le stockage \u00e0 des groupes d&#8217;administrateurs<\/li>\n<li style=\"text-align: justify;\">Op\u00e9rer un transfert de connaissance efficace par l&#8217;exp\u00e9rience aux nombreux clients recevant une nouvelle solution que j&#8217;ai impl\u00e9ment\u00e9e.<\/li>\n<\/ul>\n<p class=\" description summary\" style=\"text-align: justify;\">\nVous souhaitez en savoir plus ? Contactez-moi. Il y a tellement plus \u00e0 dire que ce que permet de partager une page web.<\/p>\n<\/div>\n<\/div>\n","protected":false},"excerpt":{"rendered":"<p>Akim Sissaoui Autodidacte, Manager et sp\u00e9cialiste de l&#8217;infrastructure des technologies de l&#8217;information Manager et architecte d&#8217;infrastructure autodidacte, j&#8217;ai fait mes preuves dans de nombreux postes. Aujourd&#8217;hui \u00e0 la recherche d&#8217;un nouveau d\u00e9fi, je souhaite participer activement au fonctionnement d&#8217;un d\u00e9partement technique en assurant la gestion d&#8217;une \u00e9quipe dans le but d&#8217;attendre efficacement les objectifs de [&hellip;]<\/p>\n","protected":false},"author":2,"featured_media":0,"parent":0,"menu_order":0,"comment_status":"open","ping_status":"open","template":"","meta":{"footnotes":""},"jetpack_sharing_enabled":true,"_links":{"self":[{"href":"https:\/\/akim.sissaoui.com\/en\/wp-json\/wp\/v2\/pages\/736"}],"collection":[{"href":"https:\/\/akim.sissaoui.com\/en\/wp-json\/wp\/v2\/pages"}],"about":[{"href":"https:\/\/akim.sissaoui.com\/en\/wp-json\/wp\/v2\/types\/page"}],"author":[{"embeddable":true,"href":"https:\/\/akim.sissaoui.com\/en\/wp-json\/wp\/v2\/users\/2"}],"replies":[{"embeddable":true,"href":"https:\/\/akim.sissaoui.com\/en\/wp-json\/wp\/v2\/comments?post=736"}],"version-history":[{"count":13,"href":"https:\/\/akim.sissaoui.com\/en\/wp-json\/wp\/v2\/pages\/736\/revisions"}],"predecessor-version":[{"id":1026,"href":"https:\/\/akim.sissaoui.com\/en\/wp-json\/wp\/v2\/pages\/736\/revisions\/1026"}],"wp:attachment":[{"href":"https:\/\/akim.sissaoui.com\/en\/wp-json\/wp\/v2\/media?parent=736"}],"curies":[{"name":"wp","href":"https:\/\/api.w.org\/{rel}","templated":true}]}}